{"id":1781,"date":"2026-04-09T11:20:51","date_gmt":"2026-04-09T11:20:51","guid":{"rendered":"https:\/\/trustpep.com\/sobre\/"},"modified":"2026-04-18T04:51:28","modified_gmt":"2026-04-18T04:51:28","slug":"sobre","status":"publish","type":"page","link":"https:\/\/trustpep.com\/pt-br\/sobre\/","title":{"rendered":"Sobre"},"content":{"rendered":"\n<div class=\"wp-block-uagb-container uagb-block-e5273690 alignfull uagb-is-root-container\"><div class=\"uagb-container-inner-blocks-wrap\">\n<div class=\"wp-block-uagb-advanced-heading uagb-block-33a27d5e\"><p class=\"uagb-desc-text\">Sobre N\u00f3s<\/p><h1 class=\"uagb-heading-text\">Saiba Mais Sobre a TRUST PEPTIDE<\/h1><\/div>\n<\/div><\/div>\n\n<div class=\"wp-block-uagb-container uagb-block-9c178f25 alignfull uagb-is-root-container\"><div class=\"uagb-container-inner-blocks-wrap\">\n<div class=\"wp-block-uagb-info-box uagb-block-dfb8da0d uagb-infobox__content-wrap  uagb-infobox-icon-above-title uagb-infobox-image-valign-top\"><div class=\"uagb-ifb-content\"><div class=\"uagb-ifb-title-wrap\"><p class=\"uagb-ifb-title-prefix\">Nossa Jornada<\/p><h2 class=\"uagb-ifb-title\">A Hist\u00f3ria por Tr\u00e1s da TRUST PEPTIDE<\/h2><\/div><p class=\"uagb-ifb-desc\">A Hist\u00f3ria por Tr\u00e1s da TRUST PEPTIDE<br\/>Na TRUST PEPTIDE, nossa miss\u00e3o est\u00e1 fundamentada em fornecer pept\u00eddeos em p\u00f3 da mais alta qualidade dispon\u00edvel no mercado. Garantimos que nossos produtos sejam puros e seguros. Nosso compromisso com a excel\u00eancia nos impulsiona a manter um rigoroso controle de qualidade, assegurando que todos os nossos pept\u00eddeos sejam 99% puros e estejam em conformidade com os padr\u00f5es da ind\u00fastria. Estamos comprometidos em fornecer aos nossos clientes produtos de alta qualidade a pre\u00e7os acess\u00edveis. Como fornecedor direto da fonte, rompemos com a situa\u00e7\u00e3o em que os clientes precisam pagar pre\u00e7os elevados por produtos pept\u00eddicos.<\/p><\/div><\/div>\n\n\n\n<div class=\"wp-block-uagb-container uagb-block-f884edc1\">\n<div class=\"wp-block-uagb-image uagb-block-4ee039c4 wp-block-uagb-image--layout-default wp-block-uagb-image--effect-static wp-block-uagb-image--align-none\"><figure class=\"wp-block-uagb-image__figure\"><img decoding=\"async\" srcset=\"https:\/\/trustpep.com\/wp-content\/uploads\/2026\/04\/20260409162302-1774-4.jpg ,https:\/\/trustpep.com\/wp-content\/uploads\/2026\/04\/20260409162302-1774-4.jpg 780w, https:\/\/trustpep.com\/wp-content\/uploads\/2026\/04\/20260409162302-1774-4.jpg 360w\" sizes=\"auto, (max-width: 480px) 150px\" src=\"https:\/\/trustpep.com\/wp-content\/uploads\/2026\/04\/20260409162302-1774-4.jpg\" alt=\"20260409162302-1774-4\" class=\"uag-image-565\" width=\"330\" height=\"330\" title=\"nossa-historia-02\" loading=\"lazy\" role=\"img\"><\/figure><\/div>\n<\/div>\n<\/div><\/div>\n\n<div class=\"wp-block-uagb-container uagb-block-8b322637 alignfull uagb-is-root-container\"><div class=\"uagb-container-inner-blocks-wrap\">\n<div class=\"wp-block-uagb-info-box uagb-block-7181397d uagb-infobox__content-wrap  uagb-infobox-icon-above-title uagb-infobox-image-valign-top\"><div class=\"uagb-ifb-content\"><div class=\"uagb-ifb-icon-wrap\"><svg xmlns=\"https:\/\/www.w3.org\/2000\/svg\" viewbox=\"0 0 448 512\"><path d=\"M96 96C42.98 96 0 138.1 0 192s42.98 96 96 96c11.28 0 21.95-2.305 32-5.879V288c0 35.3-28.7 64-64 64c-17.67 0-32 14.33-32 32s14.33 32 32 32c70.58 0 128-57.42 128-128V192C192 138.1 149 96 96 96zM448 192c0-53.02-42.98-96-96-96s-96 42.98-96 96s42.98 96 96 96c11.28 0 21.95-2.305 32-5.879V288c0 35.3-28.7 64-64 64c-17.67 0-32 14.33-32 32s14.33 32 32 32c70.58 0 128-57.42 128-128V192z\"><\/path><\/svg><\/div><div class=\"uagb-ifb-title-wrap\"><p class=\"uagb-ifb-title\"><strong>Oferecemos os seguintes m\u00e9todos de pagamento com descontos:<\/strong><br\/>1. Transfer\u00eancia banc\u00e1ria direta (5% de desconto)<br\/>2. Pagamento em criptomoeda (6% de desconto)<br\/>3. Pagamento com cart\u00e3o banc\u00e1rio\/cart\u00e3o de cr\u00e9dito<br\/><strong>Outros m\u00e9todos de pagamento (favor entrar em contato com o atendimento ao cliente)<\/strong><\/p><\/div><\/div><\/div>\n<\/div><\/div>\n\n<div class=\"wp-block-uagb-container uagb-layout-grid uagb-block-3abf574c alignfull uagb-is-root-container\"><div class=\"uagb-container-inner-blocks-wrap\">\n<div class=\"wp-block-uagb-image uagb-block-9e45daf6 wp-block-uagb-image--layout-default wp-block-uagb-image--effect-static wp-block-uagb-image--align-none\"><figure class=\"wp-block-uagb-image__figure\"><img decoding=\"async\" srcset=\"https:\/\/trustpep.com\/wp-content\/uploads\/2026\/04\/20260409161050-1764-4.jpg ,https:\/\/trustpep.com\/wp-content\/uploads\/2026\/04\/20260409161050-1764-4.jpg 780w, https:\/\/trustpep.com\/wp-content\/uploads\/2026\/04\/20260409161050-1764-4.jpg 360w\" sizes=\"auto, (max-width: 480px) 150px\" src=\"https:\/\/trustpep.com\/wp-content\/uploads\/2026\/04\/20260409161050-1764-4.jpg\" alt=\"20260409161050-1764-4\" class=\"uag-image-562\" width=\"590\" height=\"530\" title=\"nossa-missao-01\" loading=\"lazy\" role=\"img\"><\/figure><\/div>\n\n\n\n<div class=\"wp-block-uagb-container uagb-block-ddebfa70\">\n<div class=\"wp-block-uagb-info-box uagb-block-9c2a3491 uagb-infobox__content-wrap  uagb-infobox-icon-above-title uagb-infobox-image-valign-top\"><div class=\"uagb-ifb-content\"><div class=\"uagb-ifb-title-wrap\"><p class=\"uagb-ifb-title-prefix\">Nossa Miss\u00e3o<\/p><h3 class=\"uagb-ifb-title\">Compromisso com a Qualidade e Seguran\u00e7a<\/h3><\/div><p class=\"uagb-ifb-desc\">Fornecer suprimentos pept\u00eddicos de alta pureza e confi\u00e1veis que impulsionem a pesquisa cient\u00edfica e melhorem os resultados de sa\u00fade em todo o mundo.<\/p><\/div><\/div>\n\n\n\n<div class=\"wp-block-uagb-info-box uagb-block-5a41b2ea uagb-infobox__content-wrap  uagb-infobox-icon-above-title uagb-infobox-image-valign-top\"><div class=\"uagb-ifb-content\"><div class=\"uagb-ifb-title-wrap\"><p class=\"uagb-ifb-title-prefix\">Nossos Valores<\/p><h3 class=\"uagb-ifb-title\">Integridade, Qualidade e Inova\u00e7\u00e3o<\/h3><\/div><p class=\"uagb-ifb-desc\">Priorizamos seguran\u00e7a, integridade e inova\u00e7\u00e3o em todos os nossos empreendimentos, promovendo confian\u00e7a com nossos clientes por meio de transpar\u00eancia e compromisso com a qualidade.<\/p><\/div><\/div>\n<\/div>\n<\/div><\/div>\n\n<p><\/p>\n","protected":false},"excerpt":{"rendered":"<p>Sobre N\u00f3s Saiba Mais Sobre a TRUST PEPTIDE<\/p>\n","protected":false},"author":4,"featured_media":0,"parent":0,"menu_order":0,"comment_status":"closed","ping_status":"closed","template":"","meta":{"_surecart_dashboard_logo_width":"180px","_surecart_dashboard_show_logo":true,"_surecart_dashboard_navigation_orders":true,"_surecart_dashboard_navigation_invoices":true,"_surecart_dashboard_navigation_subscriptions":true,"_surecart_dashboard_navigation_downloads":true,"_surecart_dashboard_navigation_billing":true,"_surecart_dashboard_navigation_account":true,"_uag_custom_page_level_css":"","site-sidebar-layout":"default","site-content-layout":"","ast-site-content-layout":"default","site-content-style":"default","site-sidebar-style":"default","ast-global-header-display":"","ast-banner-title-visibility":"","ast-main-header-display":"","ast-hfb-above-header-display":"","ast-hfb-below-header-display":"","ast-hfb-mobile-header-display":"","site-post-title":"disabled","ast-breadcrumbs-content":"","ast-featured-img":"","footer-sml-layout":"","ast-disable-related-posts":"","theme-transparent-header-meta":"enabled","adv-header-id-meta":"","stick-header-meta":"","header-above-stick-meta":"","header-main-stick-meta":"","header-below-stick-meta":"","astra-migrate-meta-layouts":"default","ast-page-background-enabled":"default","ast-page-background-meta":{"desktop":{"background-color":"var(--ast-global-color-4)","background-image":"","background-repeat":"repeat","background-position":"center center","background-size":"auto","background-attachment":"scroll","background-type":"","background-media":"","overlay-type":"","overlay-color":"","overlay-opacity":"","overlay-gradient":""},"tablet":{"background-color":"","background-image":"","background-repeat":"repeat","background-position":"center center","background-size":"auto","background-attachment":"scroll","background-type":"","background-media":"","overlay-type":"","overlay-color":"","overlay-opacity":"","overlay-gradient":""},"mobile":{"background-color":"","background-image":"","background-repeat":"repeat","background-position":"center center","background-size":"auto","background-attachment":"scroll","background-type":"","background-media":"","overlay-type":"","overlay-color":"","overlay-opacity":"","overlay-gradient":""}},"ast-content-background-meta":{"desktop":{"background-color":"var(--ast-global-color-5)","background-image":"","background-repeat":"repeat","background-position":"center center","background-size":"auto","background-attachment":"scroll","background-type":"","background-media":"","overlay-type":"","overlay-color":"","overlay-opacity":"","overlay-gradient":""},"tablet":{"background-color":"var(--ast-global-color-5)","background-image":"","background-repeat":"repeat","background-position":"center center","background-size":"auto","background-attachment":"scroll","background-type":"","background-media":"","overlay-type":"","overlay-color":"","overlay-opacity":"","overlay-gradient":""},"mobile":{"background-color":"var(--ast-global-color-5)","background-image":"","background-repeat":"repeat","background-position":"center center","background-size":"auto","background-attachment":"scroll","background-type":"","background-media":"","overlay-type":"","overlay-color":"","overlay-opacity":"","overlay-gradient":""}},"footnotes":""},"class_list":["post-1781","page","type-page","status-publish","hentry"],"_hostinger_reach_plugin_has_subscription_block":false,"_hostinger_reach_plugin_is_elementor":false,"uagb_featured_image_src":{"full":false,"thumbnail":false,"medium":false,"medium_large":false,"large":false,"1536x1536":false,"2048x2048":false,"woocommerce_thumbnail":false,"woocommerce_single":false,"woocommerce_gallery_thumbnail":false,"wcpr-photo-reviews":false},"uagb_author_info":{"display_name":"trust peptide","author_link":"https:\/\/trustpep.com\/pt-br\/author\/l5l4ow2hclqz\/"},"uagb_comment_info":0,"uagb_excerpt":"Sobre N\u00f3s Saiba Mais Sobre a TRUST PEPTIDE","_links":{"self":[{"href":"https:\/\/trustpep.com\/pt-br\/wp-json\/wp\/v2\/pages\/1781","targetHints":{"allow":["GET"]}}],"collection":[{"href":"https:\/\/trustpep.com\/pt-br\/wp-json\/wp\/v2\/pages"}],"about":[{"href":"https:\/\/trustpep.com\/pt-br\/wp-json\/wp\/v2\/types\/page"}],"author":[{"embeddable":true,"href":"https:\/\/trustpep.com\/pt-br\/wp-json\/wp\/v2\/users\/4"}],"replies":[{"embeddable":true,"href":"https:\/\/trustpep.com\/pt-br\/wp-json\/wp\/v2\/comments?post=1781"}],"version-history":[{"count":2,"href":"https:\/\/trustpep.com\/pt-br\/wp-json\/wp\/v2\/pages\/1781\/revisions"}],"predecessor-version":[{"id":1785,"href":"https:\/\/trustpep.com\/pt-br\/wp-json\/wp\/v2\/pages\/1781\/revisions\/1785"}],"wp:attachment":[{"href":"https:\/\/trustpep.com\/pt-br\/wp-json\/wp\/v2\/media?parent=1781"}],"curies":[{"name":"wp","href":"https:\/\/api.w.org\/{rel}","templated":true}]}}