{"id":1791,"date":"2026-04-09T11:20:51","date_gmt":"2026-04-09T11:20:51","guid":{"rendered":"https:\/\/trustpep.com\/acerca-de\/"},"modified":"2026-04-18T04:51:42","modified_gmt":"2026-04-18T04:51:42","slug":"acerca-de","status":"publish","type":"page","link":"https:\/\/trustpep.com\/es\/acerca-de\/","title":{"rendered":"Acerca de"},"content":{"rendered":"\n<div class=\"wp-block-uagb-container uagb-block-e5273690 alignfull uagb-is-root-container\"><div class=\"uagb-container-inner-blocks-wrap\">\n<div class=\"wp-block-uagb-advanced-heading uagb-block-33a27d5e\"><p class=\"uagb-desc-text\">Acerca de nosotros<\/p><h1 class=\"uagb-heading-text\">M\u00e1s informaci\u00f3n sobre TRUST PEPTIDE<\/h1><\/div>\n<\/div><\/div>\n\n<div class=\"wp-block-uagb-container uagb-block-9c178f25 alignfull uagb-is-root-container\"><div class=\"uagb-container-inner-blocks-wrap\">\n<div class=\"wp-block-uagb-info-box uagb-block-dfb8da0d uagb-infobox__content-wrap  uagb-infobox-icon-above-title uagb-infobox-image-valign-top\"><div class=\"uagb-ifb-content\"><div class=\"uagb-ifb-title-wrap\"><p class=\"uagb-ifb-title-prefix\">Nuestra trayectoria<\/p><h2 class=\"uagb-ifb-title\">La historia detr\u00e1s de TRUST PEPTIDE<\/h2><\/div><p class=\"uagb-ifb-desc\">La historia detr\u00e1s de TRUST PEPTIDE<br\/>En TRUST PEPTIDE, nuestra misi\u00f3n se fundamenta en proporcionar p\u00e9ptidos en polvo de la m\u00e1s alta calidad disponibles en el mercado. Garantizamos que nuestros productos sean puros y seguros. Nuestro compromiso con la excelencia nos impulsa a mantener un riguroso control de calidad, asegurando que todos nuestros p\u00e9ptidos tengan una pureza del 99% y cumplan con los est\u00e1ndares de la industria. Estamos comprometidos a proporcionar a nuestros clientes productos de alta calidad a precios asequibles. Como proveedor directo de origen, rompemos la dificultad de que los clientes tengan que pagar precios elevados por productos pept\u00eddicos.<\/p><\/div><\/div>\n\n\n\n<div class=\"wp-block-uagb-container uagb-block-f884edc1\">\n<div class=\"wp-block-uagb-image uagb-block-4ee039c4 wp-block-uagb-image--layout-default wp-block-uagb-image--effect-static wp-block-uagb-image--align-none\"><figure class=\"wp-block-uagb-image__figure\"><img decoding=\"async\" srcset=\"https:\/\/trustpep.com\/wp-content\/uploads\/2026\/04\/20260409162302-1774-4.jpg ,https:\/\/trustpep.com\/wp-content\/uploads\/2026\/04\/20260409162302-1774-4.jpg 780w, https:\/\/trustpep.com\/wp-content\/uploads\/2026\/04\/20260409162302-1774-4.jpg 360w\" sizes=\"auto, (max-width: 480px) 150px\" src=\"https:\/\/trustpep.com\/wp-content\/uploads\/2026\/04\/20260409162302-1774-4.jpg\" alt=\"20260409162302-1774-4\" class=\"uag-image-565\" width=\"330\" height=\"330\" title=\"nuestra-historia-02\" loading=\"lazy\" role=\"img\"><\/figure><\/div>\n<\/div>\n<\/div><\/div>\n\n<div class=\"wp-block-uagb-container uagb-block-8b322637 alignfull uagb-is-root-container\"><div class=\"uagb-container-inner-blocks-wrap\">\n<div class=\"wp-block-uagb-info-box uagb-block-7181397d uagb-infobox__content-wrap  uagb-infobox-icon-above-title uagb-infobox-image-valign-top\"><div class=\"uagb-ifb-content\"><div class=\"uagb-ifb-icon-wrap\"><svg xmlns=\"https:\/\/www.w3.org\/2000\/svg\" viewbox=\"0 0 448 512\"><path d=\"M96 96C42.98 96 0 138.1 0 192s42.98 96 96 96c11.28 0 21.95-2.305 32-5.879V288c0 35.3-28.7 64-64 64c-17.67 0-32 14.33-32 32s14.33 32 32 32c70.58 0 128-57.42 128-128V192C192 138.1 149 96 96 96zM448 192c0-53.02-42.98-96-96-96s-96 42.98-96 96s42.98 96 96 96c11.28 0 21.95-2.305 32-5.879V288c0 35.3-28.7 64-64 64c-17.67 0-32 14.33-32 32s14.33 32 32 32c70.58 0 128-57.42 128-128V192z\"><\/path><\/svg><\/div><div class=\"uagb-ifb-title-wrap\"><p class=\"uagb-ifb-title\"><strong>Ofrecemos los siguientes m\u00e9todos de pago con descuentos:<\/strong><br\/>1. Transferencia bancaria directa (5% de descuento)<br\/>2. Pago con criptomonedas (6% de descuento)<br\/>3. Pago con tarjeta bancaria\/tarjeta de cr\u00e9dito<br\/><strong>Otros m\u00e9todos de pago (por favor, contacte con el servicio de atenci\u00f3n al cliente)<\/strong><\/p><\/div><\/div><\/div>\n<\/div><\/div>\n\n<div class=\"wp-block-uagb-container uagb-layout-grid uagb-block-3abf574c alignfull uagb-is-root-container\"><div class=\"uagb-container-inner-blocks-wrap\">\n<div class=\"wp-block-uagb-image uagb-block-9e45daf6 wp-block-uagb-image--layout-default wp-block-uagb-image--effect-static wp-block-uagb-image--align-none\"><figure class=\"wp-block-uagb-image__figure\"><img decoding=\"async\" srcset=\"https:\/\/trustpep.com\/wp-content\/uploads\/2026\/04\/20260409161050-1764-4.jpg ,https:\/\/trustpep.com\/wp-content\/uploads\/2026\/04\/20260409161050-1764-4.jpg 780w, https:\/\/trustpep.com\/wp-content\/uploads\/2026\/04\/20260409161050-1764-4.jpg 360w\" sizes=\"auto, (max-width: 480px) 150px\" src=\"https:\/\/trustpep.com\/wp-content\/uploads\/2026\/04\/20260409161050-1764-4.jpg\" alt=\"20260409161050-1764-4\" class=\"uag-image-562\" width=\"590\" height=\"530\" title=\"nuestra-mision-01\" loading=\"lazy\" role=\"img\"><\/figure><\/div>\n\n\n\n<div class=\"wp-block-uagb-container uagb-block-ddebfa70\">\n<div class=\"wp-block-uagb-info-box uagb-block-9c2a3491 uagb-infobox__content-wrap  uagb-infobox-icon-above-title uagb-infobox-image-valign-top\"><div class=\"uagb-ifb-content\"><div class=\"uagb-ifb-title-wrap\"><p class=\"uagb-ifb-title-prefix\">Nuestra misi\u00f3n<\/p><h3 class=\"uagb-ifb-title\">Compromiso con la calidad y la seguridad<\/h3><\/div><p class=\"uagb-ifb-desc\">Proporcionar suministros pept\u00eddicos de alta pureza y confiables que impulsen la investigaci\u00f3n cient\u00edfica y mejoren los resultados sanitarios en todo el mundo.<\/p><\/div><\/div>\n\n\n\n<div class=\"wp-block-uagb-info-box uagb-block-5a41b2ea uagb-infobox__content-wrap  uagb-infobox-icon-above-title uagb-infobox-image-valign-top\"><div class=\"uagb-ifb-content\"><div class=\"uagb-ifb-title-wrap\"><p class=\"uagb-ifb-title-prefix\">Nuestros valores<\/p><h3 class=\"uagb-ifb-title\">Integridad, calidad e innovaci\u00f3n<\/h3><\/div><p class=\"uagb-ifb-desc\">Priorizamos la seguridad, la integridad y la innovaci\u00f3n en todos nuestros esfuerzos, fomentando la confianza con nuestros clientes mediante la transparencia y el compromiso con la calidad.<\/p><\/div><\/div>\n<\/div>\n<\/div><\/div>\n\n<p><\/p>\n","protected":false},"excerpt":{"rendered":"<p>Acerca de nosotros M\u00e1s informaci\u00f3n sobre TRUST PEPTIDE<\/p>\n","protected":false},"author":4,"featured_media":0,"parent":0,"menu_order":0,"comment_status":"closed","ping_status":"closed","template":"","meta":{"_surecart_dashboard_logo_width":"180px","_surecart_dashboard_show_logo":true,"_surecart_dashboard_navigation_orders":true,"_surecart_dashboard_navigation_invoices":true,"_surecart_dashboard_navigation_subscriptions":true,"_surecart_dashboard_navigation_downloads":true,"_surecart_dashboard_navigation_billing":true,"_surecart_dashboard_navigation_account":true,"_uag_custom_page_level_css":"","site-sidebar-layout":"default","site-content-layout":"","ast-site-content-layout":"default","site-content-style":"default","site-sidebar-style":"default","ast-global-header-display":"","ast-banner-title-visibility":"","ast-main-header-display":"","ast-hfb-above-header-display":"","ast-hfb-below-header-display":"","ast-hfb-mobile-header-display":"","site-post-title":"disabled","ast-breadcrumbs-content":"","ast-featured-img":"","footer-sml-layout":"","ast-disable-related-posts":"","theme-transparent-header-meta":"enabled","adv-header-id-meta":"","stick-header-meta":"","header-above-stick-meta":"","header-main-stick-meta":"","header-below-stick-meta":"","astra-migrate-meta-layouts":"default","ast-page-background-enabled":"default","ast-page-background-meta":{"desktop":{"background-color":"var(--ast-global-color-4)","background-image":"","background-repeat":"repeat","background-position":"center center","background-size":"auto","background-attachment":"scroll","background-type":"","background-media":"","overlay-type":"","overlay-color":"","overlay-opacity":"","overlay-gradient":""},"tablet":{"background-color":"","background-image":"","background-repeat":"repeat","background-position":"center center","background-size":"auto","background-attachment":"scroll","background-type":"","background-media":"","overlay-type":"","overlay-color":"","overlay-opacity":"","overlay-gradient":""},"mobile":{"background-color":"","background-image":"","background-repeat":"repeat","background-position":"center center","background-size":"auto","background-attachment":"scroll","background-type":"","background-media":"","overlay-type":"","overlay-color":"","overlay-opacity":"","overlay-gradient":""}},"ast-content-background-meta":{"desktop":{"background-color":"var(--ast-global-color-5)","background-image":"","background-repeat":"repeat","background-position":"center center","background-size":"auto","background-attachment":"scroll","background-type":"","background-media":"","overlay-type":"","overlay-color":"","overlay-opacity":"","overlay-gradient":""},"tablet":{"background-color":"var(--ast-global-color-5)","background-image":"","background-repeat":"repeat","background-position":"center center","background-size":"auto","background-attachment":"scroll","background-type":"","background-media":"","overlay-type":"","overlay-color":"","overlay-opacity":"","overlay-gradient":""},"mobile":{"background-color":"var(--ast-global-color-5)","background-image":"","background-repeat":"repeat","background-position":"center center","background-size":"auto","background-attachment":"scroll","background-type":"","background-media":"","overlay-type":"","overlay-color":"","overlay-opacity":"","overlay-gradient":""}},"footnotes":""},"class_list":["post-1791","page","type-page","status-publish","hentry"],"_hostinger_reach_plugin_has_subscription_block":false,"_hostinger_reach_plugin_is_elementor":false,"uagb_featured_image_src":{"full":false,"thumbnail":false,"medium":false,"medium_large":false,"large":false,"1536x1536":false,"2048x2048":false,"woocommerce_thumbnail":false,"woocommerce_single":false,"woocommerce_gallery_thumbnail":false,"wcpr-photo-reviews":false},"uagb_author_info":{"display_name":"trust peptide","author_link":"https:\/\/trustpep.com\/es\/author\/l5l4ow2hclqz\/"},"uagb_comment_info":0,"uagb_excerpt":"Acerca de nosotros M\u00e1s informaci\u00f3n sobre TRUST PEPTIDE","_links":{"self":[{"href":"https:\/\/trustpep.com\/es\/wp-json\/wp\/v2\/pages\/1791","targetHints":{"allow":["GET"]}}],"collection":[{"href":"https:\/\/trustpep.com\/es\/wp-json\/wp\/v2\/pages"}],"about":[{"href":"https:\/\/trustpep.com\/es\/wp-json\/wp\/v2\/types\/page"}],"author":[{"embeddable":true,"href":"https:\/\/trustpep.com\/es\/wp-json\/wp\/v2\/users\/4"}],"replies":[{"embeddable":true,"href":"https:\/\/trustpep.com\/es\/wp-json\/wp\/v2\/comments?post=1791"}],"version-history":[{"count":2,"href":"https:\/\/trustpep.com\/es\/wp-json\/wp\/v2\/pages\/1791\/revisions"}],"predecessor-version":[{"id":1793,"href":"https:\/\/trustpep.com\/es\/wp-json\/wp\/v2\/pages\/1791\/revisions\/1793"}],"wp:attachment":[{"href":"https:\/\/trustpep.com\/es\/wp-json\/wp\/v2\/media?parent=1791"}],"curies":[{"name":"wp","href":"https:\/\/api.w.org\/{rel}","templated":true}]}}